{"id":154,"date":"2015-05-02T01:19:14","date_gmt":"2015-05-01T22:19:14","guid":{"rendered":"http:\/\/localhost\/vilimix\/vilimix.fi\/wordpress\/?page_id=154"},"modified":"2023-06-28T18:29:17","modified_gmt":"2023-06-28T15:29:17","slug":"yhteystiedot","status":"publish","type":"page","link":"https:\/\/www.jakh.fi\/wordpress\/yhteystiedot\/","title":{"rendered":"Yhteystiedot"},"content":{"rendered":"<div id=\"attachment_514\" style=\"width: 310px\" class=\"wp-caption alignleft\"><a href=\"\/wp-content\/uploads\/2015\/05\/jakh-logo-round.png\"><img loading=\"lazy\" decoding=\"async\" aria-describedby=\"caption-attachment-514\" class=\"wp-image-514 size-medium\" src=\"\/wp-content\/uploads\/2015\/05\/jakh-logo-round-300x300.png\" alt=\"Jyv\u00e4skyl\u00e4n Auto ja Konehuolto\" width=\"300\" height=\"300\" srcset=\"https:\/\/www.jakh.fi\/wordpress\/wp-content\/uploads\/2015\/05\/jakh-logo-round-300x300.png 300w, https:\/\/www.jakh.fi\/wordpress\/wp-content\/uploads\/2015\/05\/jakh-logo-round-150x150.png 150w, https:\/\/www.jakh.fi\/wordpress\/wp-content\/uploads\/2015\/05\/jakh-logo-round.png 600w\" sizes=\"(max-width: 300px) 100vw, 300px\" \/><\/a><p id=\"caption-attachment-514\" class=\"wp-caption-text\">Jyv\u00e4skyl\u00e4n Auto ja Konehuolto Ay <span class=\"break\"><i class=\"fa fa-envelope\"><\/i> <a href=\"mailto:jakhuolto@hotmail.com\">jakhuolto@hotmail.com<\/a><\/span><\/p><\/div>\n<div id=\"attachment_575\" style=\"width: 310px\" class=\"wp-caption alignleft\"><img loading=\"lazy\" decoding=\"async\" aria-describedby=\"caption-attachment-575\" class=\"wp-image-575 size-medium\" src=\"\/wp-content\/uploads\/2015\/05\/riku2-300x300.png&quot;\" alt=\"Riku Siitari\" width=\"300\" height=\"300\" srcset=\"https:\/\/www.jakh.fi\/wordpress\/wp-content\/uploads\/2015\/05\/riku2-300x300.png 300w, https:\/\/www.jakh.fi\/wordpress\/wp-content\/uploads\/2015\/05\/riku2-150x150.png 150w, https:\/\/www.jakh.fi\/wordpress\/wp-content\/uploads\/2015\/05\/riku2.png 600w\" sizes=\"(max-width: 300px) 100vw, 300px\" \/><p id=\"caption-attachment-575\" class=\"wp-caption-text\">Riku Siitari <span class=\"break\"><i class=\"fa fa-phone\"><\/i><a href=\"tel:0449807195\">044 &#8211; 980 7195<\/a><\/span><\/p><\/div>\n<p><!--\n\n[caption id=\"attachment_574\" align=\"alignleft\" width=\"300\"]<img loading=\"lazy\" decoding=\"async\" class=\"wp-image-574 size-medium\" src=\"\/jakhuolto\/wp-content\/uploads\/2015\/05\/miro2-300x300.png\" alt=\"Miro Ahonen\" width=\"300\" height=\"300\" srcset=\"https:\/\/www.jakh.fi\/wordpress\/wp-content\/uploads\/2015\/05\/miro2-300x300.png 300w, https:\/\/www.jakh.fi\/wordpress\/wp-content\/uploads\/2015\/05\/miro2-150x150.png 150w, https:\/\/www.jakh.fi\/wordpress\/wp-content\/uploads\/2015\/05\/miro2.png 600w\" sizes=\"(max-width: 300px) 100vw, 300px\" \/> Miro Ahonen <span class=\"break\"><i class=\"fa fa-phone\"><\/i><a href=\"tel:0449811783\">044 - 981 1783<\/a><\/span>[\/caption]\n\n--><\/p>\n<hr \/>\n<p style=\"text-align: left;\"><strong>Jyv\u00e4skyl\u00e4n Auto- ja Konehuolto Ay<br \/>\n<\/strong>S\u00e4kkitie 7, 40320 Jyv\u00e4skyl\u00e4<\/p>\n<p>Riku Siitari <i class=\"fa fa-phone\"><\/i><a href=\"tel:0449807195\">044 &#8211; 980 7195<br \/>\n<\/a><\/p>\n<p><!--\nMiro Ahonen <i class=\"fa fa-phone\"><\/i><a href=\"tel:0449811783\">044 - 981 1783<\/a>\n--><\/p>\n<p>email <i class=\"fa fa-envelope\"><\/i> <a href=\"mailto:jakhuolto@hotmail.com\">jakhuolto@hotmail.com<\/a><\/p>\n<p>avoinna <i class=\"fa fa-clock-o\"><\/i> ark. 8.00-16.00<\/p>\n<p style=\"text-align: left;\"><strong>Huoltopalvelumme j\u00e4lkeen kaikki autosi valmistajan antamat takuut ovat voimassa. <\/strong>Huollot tehd\u00e4\u00e4n auton valmistajan antaman huolto-ohjelman mukaisesti.<\/p>\n<p style=\"text-align: left;\"><strong>Ty\u00f6tuntivelotuksemme on 89eur \/tunti. <\/strong><br \/>\nTy\u00f6veloitusperusteena k\u00e4yt\u00e4mme autonvalmistajien ty\u00f6kohtaisia ohjeaikoja.<\/p>\n<p style=\"text-align: left;\"><strong>Maksutapoina meille k\u00e4y k\u00e4teinen, yleisimm\u00e4t luottokortit sek\u00e4 Svea rahoituksen kautta maksu laskulla tai eriss\u00e4.<\/strong><br \/>\nKysy lis\u00e4\u00e4 rahoituksesta paikan p\u00e4\u00e4ll\u00e4 tai puhelimitse.<\/p>\n<hr \/>\n<p><!--[Google_Maps_WD id=1 map=1]--><\/p>\n<p>[wpgmza id=&#8221;1&#8243;]<\/p>\n<hr \/>\n<h4>Tarvitsetko tarjouspyynn\u00f6n, kysy\u00e4 vapaita aikoja, muuta lis\u00e4tietoa? &#8211;\u00a0Ota yhteytt\u00e4!<\/h4>\n<div class=\"contactForm\">\n<div class=\"wpcf7 no-js\" id=\"wpcf7-f351-o1\" lang=\"fi\" dir=\"ltr\">\n<div class=\"screen-reader-response\"><p role=\"status\" aria-live=\"polite\" aria-atomic=\"true\"><\/p> <ul><\/ul><\/div>\n<form action=\"\/wordpress\/wp-json\/wp\/v2\/pages\/154#wpcf7-f351-o1\" method=\"post\" class=\"wpcf7-form init\" aria-label=\"Yhteydenottolomake\" novalidate=\"novalidate\" data-status=\"init\">\n<div style=\"display: none;\">\n<input type=\"hidden\" name=\"_wpcf7\" value=\"351\" \/>\n<input type=\"hidden\" name=\"_wpcf7_version\" value=\"5.9.5\" \/>\n<input type=\"hidden\" name=\"_wpcf7_locale\" value=\"fi\" \/>\n<input type=\"hidden\" name=\"_wpcf7_unit_tag\" value=\"wpcf7-f351-o1\" \/>\n<input type=\"hidden\" name=\"_wpcf7_container_post\" value=\"0\" \/>\n<input type=\"hidden\" name=\"_wpcf7_posted_data_hash\" value=\"\" \/>\n<\/div>\n<p>*merkitty pakolliset kent\u00e4t\n<\/p>\n<p>Nimi*\n<\/p>\n<p><span class=\"wpcf7-form-control-wrap\" data-name=\"your-name\"><input size=\"40\" class=\"wpcf7-form-control wpcf7-text wpcf7-validates-as-required\" aria-required=\"true\" aria-invalid=\"false\" value=\"\" type=\"text\" name=\"your-name\" \/><\/span>\n<\/p>\n<p>S\u00e4hk\u00f6posti*\n<\/p>\n<p><span class=\"wpcf7-form-control-wrap\" data-name=\"your-email\"><input size=\"40\" class=\"wpcf7-form-control wpcf7-email wpcf7-validates-as-required wpcf7-text wpcf7-validates-as-email\" aria-required=\"true\" aria-invalid=\"false\" value=\"\" type=\"email\" name=\"your-email\" \/><\/span>\n<\/p>\n<p>Aihe*\n<\/p>\n<p><span class=\"wpcf7-form-control-wrap\" data-name=\"your-subject\"><input size=\"40\" class=\"wpcf7-form-control wpcf7-text wpcf7-validates-as-required\" aria-required=\"true\" aria-invalid=\"false\" value=\"\" type=\"text\" name=\"your-subject\" \/><\/span>\n<\/p>\n<p>Viesti*\n<\/p>\n<p><span class=\"wpcf7-form-control-wrap\" data-name=\"your-message\"><textarea cols=\"50\" rows=\"10\" class=\"wpcf7-form-control wpcf7-textarea wpcf7-validates-as-required\" aria-required=\"true\" aria-invalid=\"false\" name=\"your-message\"><\/textarea><\/span>\n<\/p>\n<p><input class=\"wpcf7-form-control wpcf7-submit has-spinner\" type=\"submit\" value=\"L\u00e4het\u00e4\" \/>\n<\/p><div class=\"wpcf7-response-output\" aria-hidden=\"true\"><\/div>\n<\/form>\n<\/div>\n<\/div>\n","protected":false},"excerpt":{"rendered":"<p>Jyv\u00e4skyl\u00e4n Auto- ja Konehuolto Ay S\u00e4kkitie 7, 40320 Jyv\u00e4skyl\u00e4 Riku Siitari 044 &#8211; 980 7195 email jakhuolto@hotmail.com avoinna ark. 8.00-16.00 Huoltopalvelumme j\u00e4lkeen kaikki autosi valmistajan antamat takuut ovat voimassa. Huollot tehd\u00e4\u00e4n auton valmistajan antaman huolto-ohjelman mukaisesti. Ty\u00f6tuntivelotuksemme on 89eur \/tunti. Ty\u00f6veloitusperusteena k\u00e4yt\u00e4mme autonvalmistajien ty\u00f6kohtaisia ohjeaikoja. Maksutapoina meille k\u00e4y k\u00e4teinen, yleisimm\u00e4t\u2026<\/p>\n<p> <a class=\"continue-reading-link\" href=\"https:\/\/www.jakh.fi\/wordpress\/yhteystiedot\/\"><span>Jatka lukemista<\/span><i class=\"crycon-right-dir\"><\/i><\/a> <\/p>\n","protected":false},"author":1,"featured_media":0,"parent":0,"menu_order":0,"comment_status":"open","ping_status":"open","template":"templates\/template-page-with-intro.php","meta":{"footnotes":""},"_links":{"self":[{"href":"https:\/\/www.jakh.fi\/wordpress\/wp-json\/wp\/v2\/pages\/154"}],"collection":[{"href":"https:\/\/www.jakh.fi\/wordpress\/wp-json\/wp\/v2\/pages"}],"about":[{"href":"https:\/\/www.jakh.fi\/wordpress\/wp-json\/wp\/v2\/types\/page"}],"author":[{"embeddable":true,"href":"https:\/\/www.jakh.fi\/wordpress\/wp-json\/wp\/v2\/users\/1"}],"replies":[{"embeddable":true,"href":"https:\/\/www.jakh.fi\/wordpress\/wp-json\/wp\/v2\/comments?post=154"}],"version-history":[{"count":80,"href":"https:\/\/www.jakh.fi\/wordpress\/wp-json\/wp\/v2\/pages\/154\/revisions"}],"predecessor-version":[{"id":5994,"href":"https:\/\/www.jakh.fi\/wordpress\/wp-json\/wp\/v2\/pages\/154\/revisions\/5994"}],"wp:attachment":[{"href":"https:\/\/www.jakh.fi\/wordpress\/wp-json\/wp\/v2\/media?parent=154"}],"curies":[{"name":"wp","href":"https:\/\/api.w.org\/{rel}","templated":true}]}}