{"id":290,"date":"2015-05-13T05:05:26","date_gmt":"2015-05-13T02:05:26","guid":{"rendered":"http:\/\/localhost\/vilimix\/vilimix.fi\/wordpress\/?page_id=290"},"modified":"2022-01-06T17:50:37","modified_gmt":"2022-01-06T15:50:37","slug":"lisatietoja","status":"publish","type":"page","link":"https:\/\/www.jakh.fi\/wordpress\/lisatietoja\/","title":{"rendered":"Lis\u00e4tietoja"},"content":{"rendered":"\n<h3 class=\"wp-block-heading\">Autohuolto<\/h3>\n\n\n\n<p>Teemme huollot kaiken merkkisiin autoihin my\u00f6s m\u00e4\u00e4r\u00e4aikaishuollot ja merkkihuollot. Asentajamme omaavat vankan kokemuksen henkil\u00f6autojen korjaamisesta merkkihuoltamoissa ja omien harrastusten parista.<\/p>\n\n\n\n<figure class=\"wp-block-image size-full is-resized\"><a href=\"\/wp-content\/uploads\/2015\/05\/IMG_0511.jpg\"><img loading=\"lazy\" decoding=\"async\" src=\"https:\/\/jakhuolto.fi\/wordpress\/wp-content\/uploads\/2015\/05\/IMG_0512-wpp1611401143512.jpg\" alt=\"\" class=\"wp-image-604\" width=\"768\" height=\"512\" srcset=\"https:\/\/www.jakh.fi\/wordpress\/wp-content\/uploads\/2015\/05\/IMG_0512-wpp1611401143512.jpg 921w, https:\/\/www.jakh.fi\/wordpress\/wp-content\/uploads\/2015\/05\/IMG_0512-wpp1611401143512-300x200.jpg 300w, https:\/\/www.jakh.fi\/wordpress\/wp-content\/uploads\/2015\/05\/IMG_0512-wpp1611401143512-768x511.jpg 768w, https:\/\/www.jakh.fi\/wordpress\/wp-content\/uploads\/2015\/05\/IMG_0512-wpp1611401143512-150x100.jpg 150w\" sizes=\"(max-width: 768px) 100vw, 768px\" \/><\/a><\/figure>\n\n\n\n<figure class=\"wp-block-image size-large is-resized\"><a href=\"\/wp-content\/uploads\/2015\/05\/IMG_0488.jpg\"><img loading=\"lazy\" decoding=\"async\" src=\"https:\/\/jakhuolto.fi\/wordpress\/wp-content\/uploads\/2015\/05\/IMG_0488-1024x683.jpg\" alt=\"\" class=\"wp-image-597\" width=\"768\" height=\"512\" srcset=\"https:\/\/www.jakh.fi\/wordpress\/wp-content\/uploads\/2015\/05\/IMG_0488-1024x683.jpg 1024w, https:\/\/www.jakh.fi\/wordpress\/wp-content\/uploads\/2015\/05\/IMG_0488-300x200.jpg 300w, https:\/\/www.jakh.fi\/wordpress\/wp-content\/uploads\/2015\/05\/IMG_0488-768x512.jpg 768w, https:\/\/www.jakh.fi\/wordpress\/wp-content\/uploads\/2015\/05\/IMG_0488-225x150.jpg 225w, https:\/\/www.jakh.fi\/wordpress\/wp-content\/uploads\/2015\/05\/IMG_0488-150x100.jpg 150w, https:\/\/www.jakh.fi\/wordpress\/wp-content\/uploads\/2015\/05\/IMG_0488.jpg 1900w\" sizes=\"(max-width: 768px) 100vw, 768px\" \/><\/a><\/figure>\n\n\n\n<figure class=\"wp-block-image size-large is-resized\"><a href=\"\/wp-content\/uploads\/2015\/05\/IMG_0519.jpg\"><img loading=\"lazy\" decoding=\"async\" src=\"https:\/\/jakhuolto.fi\/wordpress\/wp-content\/uploads\/2015\/05\/IMG_0519-1024x683.jpg\" alt=\"\" class=\"wp-image-609\" width=\"768\" height=\"512\" srcset=\"https:\/\/www.jakh.fi\/wordpress\/wp-content\/uploads\/2015\/05\/IMG_0519-1024x683.jpg 1024w, https:\/\/www.jakh.fi\/wordpress\/wp-content\/uploads\/2015\/05\/IMG_0519-300x200.jpg 300w, https:\/\/www.jakh.fi\/wordpress\/wp-content\/uploads\/2015\/05\/IMG_0519-768x512.jpg 768w, https:\/\/www.jakh.fi\/wordpress\/wp-content\/uploads\/2015\/05\/IMG_0519-225x150.jpg 225w, https:\/\/www.jakh.fi\/wordpress\/wp-content\/uploads\/2015\/05\/IMG_0519-150x100.jpg 150w, https:\/\/www.jakh.fi\/wordpress\/wp-content\/uploads\/2015\/05\/IMG_0519.jpg 1900w\" sizes=\"(max-width: 768px) 100vw, 768px\" \/><\/a><\/figure>\n\n\n\n<h3 class=\"wp-block-heading\">Lis\u00e4laiteasennukset<\/h3>\n\n\n\n<p>Asennamme kulkuneuvoihin lis\u00e4l\u00e4mmittimet ja varusteet. Varusta autosi talven varalta lis\u00e4l\u00e4mmittimell\u00e4 ja lis\u00e4valoin.<\/p>\n\n\n\n<p><strong>Polttoaine- ja s\u00e4hk\u00f6k\u00e4ytt\u00f6iset lis\u00e4l\u00e4mmittimet<\/strong><\/p>\n\n\n\n<p>Asennamme ja korjaamme kaikenmerkkiset polttoaine- ja s\u00e4hk\u00f6k\u00e4ytt\u00f6iset lis\u00e4l\u00e4mmittimet.<\/p>\n\n\n\n<p><br><strong>Polttoainek\u00e4ytt\u00f6iset lis\u00e4l\u00e4mmittimet mm:<\/strong><br>Webasto, Ebersp\u00e4cher, Binar, Ardic<br><br><\/p>\n\n\n\n<p><strong>S\u00e4hk\u00f6k\u00e4ytt\u00f6iset esil\u00e4mmittimet mm:<\/strong><br>Defa, Calix, Tt-thermo<br><br><\/p>\n\n\n\n<p><strong>Lis\u00e4valot ja lis\u00e4varusteet<\/strong><br>Lis\u00e4valo- ja lis\u00e4varusteasennukset my\u00f6s uudempiin autoihin asiakkaan toiveen mukaan.<\/p>\n\n\n\n<p>Nykyteknologialla tehokkaatkin lis\u00e4valot saaadaan asennettua siististi ja huomiota her\u00e4tt\u00e4m\u00e4tt\u00f6miksi.<\/p>\n\n\n\n<figure class=\"wp-block-image size-full is-resized\"><img decoding=\"async\" src=\"https:\/\/jakhuolto.fi\/wordpress\/wp-content\/uploads\/2020\/10\/eafda36b-b9c1-44e3-808a-a20003e94e4d-wpp1609958522944.jpg\" alt=\"\" class=\"wp-image-5716\" width=\"768\" srcset=\"https:\/\/www.jakh.fi\/wordpress\/wp-content\/uploads\/2020\/10\/eafda36b-b9c1-44e3-808a-a20003e94e4d-wpp1609958522944.jpg 729w, https:\/\/www.jakh.fi\/wordpress\/wp-content\/uploads\/2020\/10\/eafda36b-b9c1-44e3-808a-a20003e94e4d-wpp1609958522944-225x300.jpg 225w, https:\/\/www.jakh.fi\/wordpress\/wp-content\/uploads\/2020\/10\/eafda36b-b9c1-44e3-808a-a20003e94e4d-wpp1609958522944-113x150.jpg 113w\" sizes=\"(max-width: 729px) 100vw, 729px\" \/><\/figure>\n\n\n\n<figure class=\"wp-block-image size-full is-resized\"><img decoding=\"async\" src=\"https:\/\/jakhuolto.fi\/wordpress\/wp-content\/uploads\/2020\/10\/d41733eb-26c9-429c-bef6-c094ca82697d-wpp1609958616884.jpg\" alt=\"\" class=\"wp-image-5715\" width=\"768\" srcset=\"https:\/\/www.jakh.fi\/wordpress\/wp-content\/uploads\/2020\/10\/d41733eb-26c9-429c-bef6-c094ca82697d-wpp1609958616884.jpg 972w, https:\/\/www.jakh.fi\/wordpress\/wp-content\/uploads\/2020\/10\/d41733eb-26c9-429c-bef6-c094ca82697d-wpp1609958616884-300x225.jpg 300w, https:\/\/www.jakh.fi\/wordpress\/wp-content\/uploads\/2020\/10\/d41733eb-26c9-429c-bef6-c094ca82697d-wpp1609958616884-768x576.jpg 768w, https:\/\/www.jakh.fi\/wordpress\/wp-content\/uploads\/2020\/10\/d41733eb-26c9-429c-bef6-c094ca82697d-wpp1609958616884-150x113.jpg 150w\" sizes=\"(max-width: 972px) 100vw, 972px\" \/><\/figure>\n\n\n\n<h3 class=\"wp-block-heading\">Pienkonehuolto<\/h3>\n\n\n\n<p>Korjaamme kaikki pienkoneet moottoripy\u00f6rist\u00e4&nbsp;m\u00f6nkij\u00f6ihin ja moottorisahasta per\u00e4moottoriin. Jos koneesi tuottaa p\u00e4\u00e4nvaivaa ota rohkeasti yhteytt\u00e4, niin huollamme laitteesi kuntoon! Autamme my\u00f6s mielell\u00e4mme harrasteajoneuvojen laitossa!<\/p>\n\n\n\n<figure class=\"wp-block-image size-full is-resized\"><a href=\"\/wp-content\/uploads\/2015\/05\/pienkone.jpg\"><img decoding=\"async\" src=\"https:\/\/jakhuolto.fi\/wordpress\/wp-content\/uploads\/2015\/05\/pienkone.jpg\" alt=\"\" class=\"wp-image-612\" width=\"768\" srcset=\"https:\/\/www.jakh.fi\/wordpress\/wp-content\/uploads\/2015\/05\/pienkone.jpg 960w, https:\/\/www.jakh.fi\/wordpress\/wp-content\/uploads\/2015\/05\/pienkone-300x225.jpg 300w, https:\/\/www.jakh.fi\/wordpress\/wp-content\/uploads\/2015\/05\/pienkone-768x576.jpg 768w, https:\/\/www.jakh.fi\/wordpress\/wp-content\/uploads\/2015\/05\/pienkone-200x150.jpg 200w, https:\/\/www.jakh.fi\/wordpress\/wp-content\/uploads\/2015\/05\/pienkone-150x113.jpg 150w\" sizes=\"(max-width: 960px) 100vw, 960px\" \/><\/a><\/figure>\n\n\n\n<h3 class=\"wp-block-heading\">Koneistukset<\/h3>\n\n\n\n<p>K\u00e4yt\u00f6ss\u00e4mme on metallisorvi ja metallijyrsin sek\u00e4 mig- ja tighitsaus v\u00e4lineet. Pystymme&nbsp;koneistamaan alumiinia ja rst-metallia, joten hieman vaikeammatkin projektit saadaa kuntoon!<\/p>\n\n\n\n<figure class=\"wp-block-image size-full is-resized\"><a href=\"\/wp-content\/uploads\/2015\/05\/koneistus.jpg\"><img decoding=\"async\" src=\"https:\/\/jakhuolto.fi\/wordpress\/wp-content\/uploads\/2015\/05\/koneistus.jpg\" alt=\"\" class=\"wp-image-616\" width=\"768\" srcset=\"https:\/\/www.jakh.fi\/wordpress\/wp-content\/uploads\/2015\/05\/koneistus.jpg 960w, https:\/\/www.jakh.fi\/wordpress\/wp-content\/uploads\/2015\/05\/koneistus-300x225.jpg 300w, https:\/\/www.jakh.fi\/wordpress\/wp-content\/uploads\/2015\/05\/koneistus-768x576.jpg 768w, https:\/\/www.jakh.fi\/wordpress\/wp-content\/uploads\/2015\/05\/koneistus-200x150.jpg 200w, https:\/\/www.jakh.fi\/wordpress\/wp-content\/uploads\/2015\/05\/koneistus-150x113.jpg 150w\" sizes=\"(max-width: 960px) 100vw, 960px\" \/><\/a><\/figure>\n\n\n\n<figure class=\"wp-block-image size-full is-resized\"><a href=\"\/wp-content\/uploads\/2015\/05\/koneistus2.jpg\"><img decoding=\"async\" src=\"https:\/\/jakhuolto.fi\/wordpress\/wp-content\/uploads\/2015\/05\/koneistus2.jpg\" alt=\"\" class=\"wp-image-614\" width=\"768\" srcset=\"https:\/\/www.jakh.fi\/wordpress\/wp-content\/uploads\/2015\/05\/koneistus2.jpg 900w, https:\/\/www.jakh.fi\/wordpress\/wp-content\/uploads\/2015\/05\/koneistus2-150x150.jpg 150w, https:\/\/www.jakh.fi\/wordpress\/wp-content\/uploads\/2015\/05\/koneistus2-300x300.jpg 300w, https:\/\/www.jakh.fi\/wordpress\/wp-content\/uploads\/2015\/05\/koneistus2-768x768.jpg 768w\" sizes=\"(max-width: 900px) 100vw, 900px\" \/><\/a><\/figure>\n\n\n\n<figure class=\"wp-block-image size-full is-resized\"><img decoding=\"async\" src=\"https:\/\/jakhuolto.fi\/wordpress\/wp-content\/uploads\/2015\/05\/koneistus3.jpg\" alt=\"\" class=\"wp-image-615\" width=\"768\" srcset=\"https:\/\/www.jakh.fi\/wordpress\/wp-content\/uploads\/2015\/05\/koneistus3.jpg 900w, https:\/\/www.jakh.fi\/wordpress\/wp-content\/uploads\/2015\/05\/koneistus3-150x150.jpg 150w, https:\/\/www.jakh.fi\/wordpress\/wp-content\/uploads\/2015\/05\/koneistus3-300x300.jpg 300w, https:\/\/www.jakh.fi\/wordpress\/wp-content\/uploads\/2015\/05\/koneistus3-768x768.jpg 768w\" sizes=\"(max-width: 900px) 100vw, 900px\" \/><\/figure>\n\n\n\n<h3 class=\"wp-block-heading\">Arvostelut<\/h3>\n\n\n\n<p>Olemme Jyv\u00e4skyl\u00e4n auto ja konehuollossa saaneet asiakkailtamme eritt\u00e4in my\u00f6nteist\u00e4 palautetta palveluistamme. Katso ohessa <a href=\"https:\/\/autojerry.fi\/autokorjaamo\/jyvaskyla\/jyvaskylan-auto-ja-konehuolto\/\">Autojerryn <\/a>kautta saamamme palautteet. Lis\u00e4\u00e4 asiakasarvioita&nbsp;<a href=\"https:\/\/www.facebook.com\/pg\/jakh.fi\/reviews\/\">Facebookissa.<\/a><\/p>\n\n\n\n<div style=\"width: 100%;\">\n<p style=\"font-size: 10.5px; margin: 0px; margin-right: 12px; color: #333; line-height: 12px; float: right;\"><small>\u00a9 <a style=\"color: #333; text-decoration: none;\" href=\"https:\/\/autojerry.fi\" target=\"_blank\" rel=\"noopener noreferrer\">AutoJerry<\/a><\/small><\/p>\n<figure><iframe loading=\"lazy\" style=\"background-color: transparent;\" src=\"https:\/\/autojerry.fi\/arvostelut\/upotus-2\/5890\/\" width=\"100%\" height=\"500\" frameborder=\"0\" scrolling=\"no\" seamless=\"seamless\"> <\/iframe><\/figure><p><\/p>\n<\/div>\n\n\n\n<h3 class=\"wp-block-heading\" id=\"svea\">Svea rahoitus<\/h3>\n\n\n\n<p>Svea rahoituksella voit maksaa suoraan laskulla tai eriss\u00e4.<\/p>\n\n\n\n<p><em><strong>Lasku<\/strong><\/em><\/p>\n\n\n\n<p><strong><em>Er\u00e4maksu<\/em><\/strong><\/p>\n\n\n\n<p><strong>Kysy lis\u00e4\u00e4\u00e4 rahoitusehdoista paikan p\u00e4\u00e4ll\u00e4 tai puhelimitse<\/strong><\/p>\n\n\n\n<h4 class=\"wp-block-heading\"><em><strong>Rahoituksen tarjoaa<\/strong><\/em><\/h4>\n\n\n\n<figure class=\"wp-block-image size-full\"><a href=\"https:\/\/jakhuolto.fi\/wordpress\/wp-content\/uploads\/2022\/01\/Svea_Primary_RGB_large.png\"><img loading=\"lazy\" decoding=\"async\" width=\"728\" height=\"268\" src=\"https:\/\/jakhuolto.fi\/wordpress\/wp-content\/uploads\/2022\/01\/Svea_Primary_RGB_large.png\" alt=\"\" class=\"wp-image-5983\" srcset=\"https:\/\/www.jakh.fi\/wordpress\/wp-content\/uploads\/2022\/01\/Svea_Primary_RGB_large.png 728w, https:\/\/www.jakh.fi\/wordpress\/wp-content\/uploads\/2022\/01\/Svea_Primary_RGB_large-300x110.png 300w, https:\/\/www.jakh.fi\/wordpress\/wp-content\/uploads\/2022\/01\/Svea_Primary_RGB_large-150x55.png 150w\" sizes=\"(max-width: 728px) 100vw, 728px\" \/><\/a><\/figure>\n","protected":false},"excerpt":{"rendered":"<p>Autohuolto Teemme huollot kaiken merkkisiin autoihin my\u00f6s m\u00e4\u00e4r\u00e4aikaishuollot ja merkkihuollot. Asentajamme omaavat vankan kokemuksen henkil\u00f6autojen korjaamisesta merkkihuoltamoissa ja omien harrastusten parista. Lis\u00e4laiteasennukset Asennamme kulkuneuvoihin lis\u00e4l\u00e4mmittimet ja varusteet. Varusta autosi talven varalta lis\u00e4l\u00e4mmittimell\u00e4 ja lis\u00e4valoin. Polttoaine- ja s\u00e4hk\u00f6k\u00e4ytt\u00f6iset lis\u00e4l\u00e4mmittimet Asennamme ja korjaamme kaikenmerkkiset polttoaine- ja s\u00e4hk\u00f6k\u00e4ytt\u00f6iset lis\u00e4l\u00e4mmittimet. Polttoainek\u00e4ytt\u00f6iset lis\u00e4l\u00e4mmittimet mm:Webasto, Ebersp\u00e4cher,\u2026<\/p>\n<p> <a class=\"continue-reading-link\" href=\"https:\/\/www.jakh.fi\/wordpress\/lisatietoja\/\"><span>Jatka lukemista<\/span><i class=\"crycon-right-dir\"><\/i><\/a> <\/p>\n","protected":false},"author":1,"featured_media":0,"parent":0,"menu_order":0,"comment_status":"open","ping_status":"open","template":"templates\/template-page-with-intro.php","meta":{"footnotes":""},"_links":{"self":[{"href":"https:\/\/www.jakh.fi\/wordpress\/wp-json\/wp\/v2\/pages\/290"}],"collection":[{"href":"https:\/\/www.jakh.fi\/wordpress\/wp-json\/wp\/v2\/pages"}],"about":[{"href":"https:\/\/www.jakh.fi\/wordpress\/wp-json\/wp\/v2\/types\/page"}],"author":[{"embeddable":true,"href":"https:\/\/www.jakh.fi\/wordpress\/wp-json\/wp\/v2\/users\/1"}],"replies":[{"embeddable":true,"href":"https:\/\/www.jakh.fi\/wordpress\/wp-json\/wp\/v2\/comments?post=290"}],"version-history":[{"count":67,"href":"https:\/\/www.jakh.fi\/wordpress\/wp-json\/wp\/v2\/pages\/290\/revisions"}],"predecessor-version":[{"id":5985,"href":"https:\/\/www.jakh.fi\/wordpress\/wp-json\/wp\/v2\/pages\/290\/revisions\/5985"}],"wp:attachment":[{"href":"https:\/\/www.jakh.fi\/wordpress\/wp-json\/wp\/v2\/media?parent=290"}],"curies":[{"name":"wp","href":"https:\/\/api.w.org\/{rel}","templated":true}]}}